{"id":201,"date":"2021-08-11T11:47:59","date_gmt":"2021-08-11T09:47:59","guid":{"rendered":"https:\/\/viasso-occitanie-formation.org\/?page_id=201"},"modified":"2021-08-11T13:23:13","modified_gmt":"2021-08-11T11:23:13","slug":"themes-des-formations","status":"publish","type":"page","link":"https:\/\/viasso-occitanie-formation.org\/index.php\/themes-des-formations\/","title":{"rendered":"Th\u00e8mes des formations"},"content":{"rendered":"\n<div class=\"wp-block-columns is-layout-flex wp-container-core-columns-is-layout-2 wp-block-columns-is-layout-flex\">\n<div class=\"wp-block-column is-layout-flow wp-block-column-is-layout-flow\" style=\"flex-basis:100%\">\n<div class=\"wp-block-columns is-layout-flex wp-container-core-columns-is-layout-1 wp-block-columns-is-layout-flex\">\n<div class=\"wp-block-column is-layout-flow wp-block-column-is-layout-flow\" style=\"flex-basis:66.66%\">\n<p><a href=\"https:\/\/viasso-occitanie-formation.org\/index.php\/le-cfga-certificat-de-formation-a-la-gestion-associative\/\" target=\"_blank\" rel=\"noreferrer noopener\"><strong>CFGA &#8211; Certificat de Formation \u00e0 la Gestion Associative<\/strong><\/a><\/p>\n\n\n\n<p>Gestion des Ressources humaines<\/p>\n\n\n\n<p><strong><a href=\"https:\/\/viasso-occitanie-formation.org\/index.php\/comptabilite-associative\/\" target=\"_blank\" rel=\"noreferrer noopener\">Comptabilit\u00e9<\/a><\/strong><\/p>\n\n\n\n<p><strong><a href=\"https:\/\/viasso-occitanie-formation.org\/index.php\/financements-publics\/\" target=\"_blank\" rel=\"noreferrer noopener\">Financements<\/a><\/strong><\/p>\n\n\n\n<p>Gestion financi\u00e8re<\/p>\n\n\n\n<p>Organisation interne<\/p>\n\n\n\n<p>Outils informatiques et num\u00e9riques<\/p>\n\n\n\n<p>Communication<\/p>\n\n\n\n<p>D\u00e9veloppement<\/p>\n<\/div>\n\n\n\n<div class=\"wp-block-column is-layout-flow wp-block-column-is-layout-flow\" style=\"flex-basis:33.33%\">\n<div class=\"wp-block-image is-style-default\"><figure class=\"aligncenter size-large is-resized\"><img decoding=\"async\" src=\"https:\/\/viasso-occitanie-formation.org\/wp-content\/uploads\/2021\/08\/Logo-bandeau-VOF-web--1024x283.png\" alt=\"\" class=\"wp-image-204\" width=\"399\" height=\"110\" srcset=\"https:\/\/viasso-occitanie-formation.org\/wp-content\/uploads\/2021\/08\/Logo-bandeau-VOF-web--1024x283.png 1024w, https:\/\/viasso-occitanie-formation.org\/wp-content\/uploads\/2021\/08\/Logo-bandeau-VOF-web--300x83.png 300w, https:\/\/viasso-occitanie-formation.org\/wp-content\/uploads\/2021\/08\/Logo-bandeau-VOF-web--768x212.png 768w, https:\/\/viasso-occitanie-formation.org\/wp-content\/uploads\/2021\/08\/Logo-bandeau-VOF-web--1536x424.png 1536w, https:\/\/viasso-occitanie-formation.org\/wp-content\/uploads\/2021\/08\/Logo-bandeau-VOF-web--2048x566.png 2048w\" sizes=\"(max-width: 399px) 100vw, 399px\" \/><\/figure><\/div>\n<\/div>\n<\/div>\n<\/div>\n<\/div>\n\n\n\n<p><\/p>\n","protected":false},"excerpt":{"rendered":"<p>CFGA &#8211; Certificat de Formation \u00e0 la Gestion Associative Gestion des Ressources humaines Comptabilit\u00e9 Financements Gestion financi\u00e8re Organisation interne Outils informatiques et num\u00e9riques Communication D\u00e9veloppement<\/p>\n","protected":false},"author":1,"featured_media":0,"parent":0,"menu_order":0,"comment_status":"closed","ping_status":"closed","template":"","meta":{"footnotes":""},"yoast_head":"<!-- This site is optimized with the Yoast SEO plugin v22.5 - https:\/\/yoast.com\/wordpress\/plugins\/seo\/ -->\n<title>Th\u00e8mes des formations - VOF<\/title>\n<meta name=\"robots\" content=\"index, follow, max-snippet:-1, max-image-preview:large, max-video-preview:-1\" \/>\n<link rel=\"canonical\" href=\"https:\/\/viasso-occitanie-formation.org\/index.php\/themes-des-formations\/\" \/>\n<meta property=\"og:locale\" content=\"fr_FR\" \/>\n<meta property=\"og:type\" content=\"article\" \/>\n<meta property=\"og:title\" content=\"Th\u00e8mes des formations - VOF\" \/>\n<meta property=\"og:description\" content=\"CFGA &#8211; Certificat de Formation \u00e0 la Gestion Associative Gestion des Ressources humaines Comptabilit\u00e9 Financements Gestion financi\u00e8re Organisation interne Outils informatiques et num\u00e9riques Communication D\u00e9veloppement\" \/>\n<meta property=\"og:url\" content=\"https:\/\/viasso-occitanie-formation.org\/index.php\/themes-des-formations\/\" \/>\n<meta property=\"og:site_name\" content=\"VOF\" \/>\n<meta property=\"article:modified_time\" content=\"2021-08-11T11:23:13+00:00\" \/>\n<meta property=\"og:image\" content=\"https:\/\/viasso-occitanie-formation.org\/wp-content\/uploads\/2021\/08\/Logo-bandeau-VOF-web--1024x283.png\" \/>\n<meta name=\"twitter:card\" content=\"summary_large_image\" \/>\n<meta name=\"twitter:label1\" content=\"Dur\u00e9e de lecture estim\u00e9e\" \/>\n\t<meta name=\"twitter:data1\" content=\"1 minute\" \/>\n<script type=\"application\/ld+json\" class=\"yoast-schema-graph\">{\"@context\":\"https:\/\/schema.org\",\"@graph\":[{\"@type\":\"WebPage\",\"@id\":\"https:\/\/viasso-occitanie-formation.org\/index.php\/themes-des-formations\/\",\"url\":\"https:\/\/viasso-occitanie-formation.org\/index.php\/themes-des-formations\/\",\"name\":\"Th\u00e8mes des formations - VOF\",\"isPartOf\":{\"@id\":\"https:\/\/viasso-occitanie-formation.org\/#website\"},\"primaryImageOfPage\":{\"@id\":\"https:\/\/viasso-occitanie-formation.org\/index.php\/themes-des-formations\/#primaryimage\"},\"image\":{\"@id\":\"https:\/\/viasso-occitanie-formation.org\/index.php\/themes-des-formations\/#primaryimage\"},\"thumbnailUrl\":\"https:\/\/viasso-occitanie-formation.org\/wp-content\/uploads\/2021\/08\/Logo-bandeau-VOF-web--1024x283.png\",\"datePublished\":\"2021-08-11T09:47:59+00:00\",\"dateModified\":\"2021-08-11T11:23:13+00:00\",\"breadcrumb\":{\"@id\":\"https:\/\/viasso-occitanie-formation.org\/index.php\/themes-des-formations\/#breadcrumb\"},\"inLanguage\":\"fr-FR\",\"potentialAction\":[{\"@type\":\"ReadAction\",\"target\":[\"https:\/\/viasso-occitanie-formation.org\/index.php\/themes-des-formations\/\"]}]},{\"@type\":\"ImageObject\",\"inLanguage\":\"fr-FR\",\"@id\":\"https:\/\/viasso-occitanie-formation.org\/index.php\/themes-des-formations\/#primaryimage\",\"url\":\"https:\/\/viasso-occitanie-formation.org\/wp-content\/uploads\/2021\/08\/Logo-bandeau-VOF-web-.png\",\"contentUrl\":\"https:\/\/viasso-occitanie-formation.org\/wp-content\/uploads\/2021\/08\/Logo-bandeau-VOF-web-.png\",\"width\":2147,\"height\":593},{\"@type\":\"BreadcrumbList\",\"@id\":\"https:\/\/viasso-occitanie-formation.org\/index.php\/themes-des-formations\/#breadcrumb\",\"itemListElement\":[{\"@type\":\"ListItem\",\"position\":1,\"name\":\"Accueil\",\"item\":\"https:\/\/viasso-occitanie-formation.org\/\"},{\"@type\":\"ListItem\",\"position\":2,\"name\":\"Th\u00e8mes des formations\"}]},{\"@type\":\"WebSite\",\"@id\":\"https:\/\/viasso-occitanie-formation.org\/#website\",\"url\":\"https:\/\/viasso-occitanie-formation.org\/\",\"name\":\"VOF\",\"description\":\"\",\"publisher\":{\"@id\":\"https:\/\/viasso-occitanie-formation.org\/#organization\"},\"potentialAction\":[{\"@type\":\"SearchAction\",\"target\":{\"@type\":\"EntryPoint\",\"urlTemplate\":\"https:\/\/viasso-occitanie-formation.org\/?s={search_term_string}\"},\"query-input\":\"required name=search_term_string\"}],\"inLanguage\":\"fr-FR\"},{\"@type\":\"Organization\",\"@id\":\"https:\/\/viasso-occitanie-formation.org\/#organization\",\"name\":\"VOF\",\"url\":\"https:\/\/viasso-occitanie-formation.org\/\",\"logo\":{\"@type\":\"ImageObject\",\"inLanguage\":\"fr-FR\",\"@id\":\"https:\/\/viasso-occitanie-formation.org\/#\/schema\/logo\/image\/\",\"url\":\"https:\/\/viasso-occitanie-formation.org\/wp-content\/uploads\/2021\/08\/cropped-Logo-VOF-site-internet.png\",\"contentUrl\":\"https:\/\/viasso-occitanie-formation.org\/wp-content\/uploads\/2021\/08\/cropped-Logo-VOF-site-internet.png\",\"width\":75,\"height\":66,\"caption\":\"VOF\"},\"image\":{\"@id\":\"https:\/\/viasso-occitanie-formation.org\/#\/schema\/logo\/image\/\"}}]}<\/script>\n<!-- \/ Yoast SEO plugin. -->","yoast_head_json":{"title":"Th\u00e8mes des formations - VOF","robots":{"index":"index","follow":"follow","max-snippet":"max-snippet:-1","max-image-preview":"max-image-preview:large","max-video-preview":"max-video-preview:-1"},"canonical":"https:\/\/viasso-occitanie-formation.org\/index.php\/themes-des-formations\/","og_locale":"fr_FR","og_type":"article","og_title":"Th\u00e8mes des formations - VOF","og_description":"CFGA &#8211; Certificat de Formation \u00e0 la Gestion Associative Gestion des Ressources humaines Comptabilit\u00e9 Financements Gestion financi\u00e8re Organisation interne Outils informatiques et num\u00e9riques Communication D\u00e9veloppement","og_url":"https:\/\/viasso-occitanie-formation.org\/index.php\/themes-des-formations\/","og_site_name":"VOF","article_modified_time":"2021-08-11T11:23:13+00:00","og_image":[{"url":"https:\/\/viasso-occitanie-formation.org\/wp-content\/uploads\/2021\/08\/Logo-bandeau-VOF-web--1024x283.png"}],"twitter_card":"summary_large_image","twitter_misc":{"Dur\u00e9e de lecture estim\u00e9e":"1 minute"},"schema":{"@context":"https:\/\/schema.org","@graph":[{"@type":"WebPage","@id":"https:\/\/viasso-occitanie-formation.org\/index.php\/themes-des-formations\/","url":"https:\/\/viasso-occitanie-formation.org\/index.php\/themes-des-formations\/","name":"Th\u00e8mes des formations - VOF","isPartOf":{"@id":"https:\/\/viasso-occitanie-formation.org\/#website"},"primaryImageOfPage":{"@id":"https:\/\/viasso-occitanie-formation.org\/index.php\/themes-des-formations\/#primaryimage"},"image":{"@id":"https:\/\/viasso-occitanie-formation.org\/index.php\/themes-des-formations\/#primaryimage"},"thumbnailUrl":"https:\/\/viasso-occitanie-formation.org\/wp-content\/uploads\/2021\/08\/Logo-bandeau-VOF-web--1024x283.png","datePublished":"2021-08-11T09:47:59+00:00","dateModified":"2021-08-11T11:23:13+00:00","breadcrumb":{"@id":"https:\/\/viasso-occitanie-formation.org\/index.php\/themes-des-formations\/#breadcrumb"},"inLanguage":"fr-FR","potentialAction":[{"@type":"ReadAction","target":["https:\/\/viasso-occitanie-formation.org\/index.php\/themes-des-formations\/"]}]},{"@type":"ImageObject","inLanguage":"fr-FR","@id":"https:\/\/viasso-occitanie-formation.org\/index.php\/themes-des-formations\/#primaryimage","url":"https:\/\/viasso-occitanie-formation.org\/wp-content\/uploads\/2021\/08\/Logo-bandeau-VOF-web-.png","contentUrl":"https:\/\/viasso-occitanie-formation.org\/wp-content\/uploads\/2021\/08\/Logo-bandeau-VOF-web-.png","width":2147,"height":593},{"@type":"BreadcrumbList","@id":"https:\/\/viasso-occitanie-formation.org\/index.php\/themes-des-formations\/#breadcrumb","itemListElement":[{"@type":"ListItem","position":1,"name":"Accueil","item":"https:\/\/viasso-occitanie-formation.org\/"},{"@type":"ListItem","position":2,"name":"Th\u00e8mes des formations"}]},{"@type":"WebSite","@id":"https:\/\/viasso-occitanie-formation.org\/#website","url":"https:\/\/viasso-occitanie-formation.org\/","name":"VOF","description":"","publisher":{"@id":"https:\/\/viasso-occitanie-formation.org\/#organization"},"potentialAction":[{"@type":"SearchAction","target":{"@type":"EntryPoint","urlTemplate":"https:\/\/viasso-occitanie-formation.org\/?s={search_term_string}"},"query-input":"required name=search_term_string"}],"inLanguage":"fr-FR"},{"@type":"Organization","@id":"https:\/\/viasso-occitanie-formation.org\/#organization","name":"VOF","url":"https:\/\/viasso-occitanie-formation.org\/","logo":{"@type":"ImageObject","inLanguage":"fr-FR","@id":"https:\/\/viasso-occitanie-formation.org\/#\/schema\/logo\/image\/","url":"https:\/\/viasso-occitanie-formation.org\/wp-content\/uploads\/2021\/08\/cropped-Logo-VOF-site-internet.png","contentUrl":"https:\/\/viasso-occitanie-formation.org\/wp-content\/uploads\/2021\/08\/cropped-Logo-VOF-site-internet.png","width":75,"height":66,"caption":"VOF"},"image":{"@id":"https:\/\/viasso-occitanie-formation.org\/#\/schema\/logo\/image\/"}}]}},"_links":{"self":[{"href":"https:\/\/viasso-occitanie-formation.org\/index.php\/wp-json\/wp\/v2\/pages\/201"}],"collection":[{"href":"https:\/\/viasso-occitanie-formation.org\/index.php\/wp-json\/wp\/v2\/pages"}],"about":[{"href":"https:\/\/viasso-occitanie-formation.org\/index.php\/wp-json\/wp\/v2\/types\/page"}],"author":[{"embeddable":true,"href":"https:\/\/viasso-occitanie-formation.org\/index.php\/wp-json\/wp\/v2\/users\/1"}],"replies":[{"embeddable":true,"href":"https:\/\/viasso-occitanie-formation.org\/index.php\/wp-json\/wp\/v2\/comments?post=201"}],"version-history":[{"count":4,"href":"https:\/\/viasso-occitanie-formation.org\/index.php\/wp-json\/wp\/v2\/pages\/201\/revisions"}],"predecessor-version":[{"id":209,"href":"https:\/\/viasso-occitanie-formation.org\/index.php\/wp-json\/wp\/v2\/pages\/201\/revisions\/209"}],"wp:attachment":[{"href":"https:\/\/viasso-occitanie-formation.org\/index.php\/wp-json\/wp\/v2\/media?parent=201"}],"curies":[{"name":"wp","href":"https:\/\/api.w.org\/{rel}","templated":true}]}}