{"id":250,"date":"2021-09-01T15:48:30","date_gmt":"2021-09-01T13:48:30","guid":{"rendered":"https:\/\/viasso-occitanie-formation.org\/?page_id=250"},"modified":"2024-04-19T12:49:58","modified_gmt":"2024-04-19T10:49:58","slug":"une-articulation-avec-le-coeur-de-metier-des-pava","status":"publish","type":"page","link":"https:\/\/viasso-occitanie-formation.org\/index.php\/une-articulation-avec-le-coeur-de-metier-des-pava\/","title":{"rendered":"UNE ARTICULATION AVEC LE C\u0152UR DE M\u00c9TIER DES PAVA\u00ae"},"content":{"rendered":"\n<p>ViAsso Occitanie rassemble tous les PAVA\u00ae &#8211; Point d&rsquo;Appui \u00e0 la Vie Associative\u00ae d&rsquo;Occitanie. Ils ont \u00a0pour objectif de permettre le d\u00e9veloppement d\u2019une vie associative de qualit\u00e9 et de soutenir la p\u00e9rennisation des associations par un accompagnement et un suivi professionnel. \u00a0La FORMATION\u00a0 est le prolongement naturel de cette mission. Les actions de formations, de VAE ou de Bilan de Comp\u00e9tence \u00e0 mettre en \u0153uvre en faveur des personnes \u0153uvrant au sein d&rsquo;une association sont ainsi la plupart du temps rep\u00e9r\u00e9es \u00e0 l&rsquo;occasion d&rsquo;\u00e9changes sur les probl\u00e9matiques pos\u00e9es par l&rsquo;association.<\/p>\n","protected":false},"excerpt":{"rendered":"<p>ViAsso Occitanie rassemble tous les PAVA\u00ae &#8211; Point d&rsquo;Appui \u00e0 la Vie Associative\u00ae d&rsquo;Occitanie. Ils ont \u00a0pour objectif de permettre le d\u00e9veloppement d\u2019une vie associative de qualit\u00e9 et de soutenir la p\u00e9rennisation des associations par un accompagnement et un suivi professionnel. \u00a0La FORMATION\u00a0 est le prolongement naturel de cette mission. Les actions de formations, de [&hellip;]<\/p>\n","protected":false},"author":1,"featured_media":0,"parent":0,"menu_order":0,"comment_status":"closed","ping_status":"closed","template":"elementor_header_footer","meta":{"footnotes":""},"yoast_head":"<!-- This site is optimized with the Yoast SEO plugin v22.5 - https:\/\/yoast.com\/wordpress\/plugins\/seo\/ -->\n<title>UNE ARTICULATION AVEC LE C\u0152UR DE M\u00c9TIER DES PAVA\u00ae - VOF<\/title>\n<meta name=\"robots\" content=\"index, follow, max-snippet:-1, max-image-preview:large, max-video-preview:-1\" \/>\n<link rel=\"canonical\" href=\"https:\/\/viasso-occitanie-formation.org\/index.php\/une-articulation-avec-le-coeur-de-metier-des-pava\/\" \/>\n<meta property=\"og:locale\" content=\"fr_FR\" \/>\n<meta property=\"og:type\" content=\"article\" \/>\n<meta property=\"og:title\" content=\"UNE ARTICULATION AVEC LE C\u0152UR DE M\u00c9TIER DES PAVA\u00ae - VOF\" \/>\n<meta property=\"og:description\" content=\"ViAsso Occitanie rassemble tous les PAVA\u00ae &#8211; Point d&rsquo;Appui \u00e0 la Vie Associative\u00ae d&rsquo;Occitanie. Ils ont \u00a0pour objectif de permettre le d\u00e9veloppement d\u2019une vie associative de qualit\u00e9 et de soutenir la p\u00e9rennisation des associations par un accompagnement et un suivi professionnel. \u00a0La FORMATION\u00a0 est le prolongement naturel de cette mission. Les actions de formations, de [&hellip;]\" \/>\n<meta property=\"og:url\" content=\"https:\/\/viasso-occitanie-formation.org\/index.php\/une-articulation-avec-le-coeur-de-metier-des-pava\/\" \/>\n<meta property=\"og:site_name\" content=\"VOF\" \/>\n<meta property=\"article:modified_time\" content=\"2024-04-19T10:49:58+00:00\" \/>\n<meta name=\"twitter:card\" content=\"summary_large_image\" \/>\n<meta name=\"twitter:label1\" content=\"Dur\u00e9e de lecture estim\u00e9e\" \/>\n\t<meta name=\"twitter:data1\" content=\"1 minute\" \/>\n<script type=\"application\/ld+json\" class=\"yoast-schema-graph\">{\"@context\":\"https:\/\/schema.org\",\"@graph\":[{\"@type\":\"WebPage\",\"@id\":\"https:\/\/viasso-occitanie-formation.org\/index.php\/une-articulation-avec-le-coeur-de-metier-des-pava\/\",\"url\":\"https:\/\/viasso-occitanie-formation.org\/index.php\/une-articulation-avec-le-coeur-de-metier-des-pava\/\",\"name\":\"UNE ARTICULATION AVEC LE C\u0152UR DE M\u00c9TIER DES PAVA\u00ae - VOF\",\"isPartOf\":{\"@id\":\"https:\/\/viasso-occitanie-formation.org\/#website\"},\"datePublished\":\"2021-09-01T13:48:30+00:00\",\"dateModified\":\"2024-04-19T10:49:58+00:00\",\"breadcrumb\":{\"@id\":\"https:\/\/viasso-occitanie-formation.org\/index.php\/une-articulation-avec-le-coeur-de-metier-des-pava\/#breadcrumb\"},\"inLanguage\":\"fr-FR\",\"potentialAction\":[{\"@type\":\"ReadAction\",\"target\":[\"https:\/\/viasso-occitanie-formation.org\/index.php\/une-articulation-avec-le-coeur-de-metier-des-pava\/\"]}]},{\"@type\":\"BreadcrumbList\",\"@id\":\"https:\/\/viasso-occitanie-formation.org\/index.php\/une-articulation-avec-le-coeur-de-metier-des-pava\/#breadcrumb\",\"itemListElement\":[{\"@type\":\"ListItem\",\"position\":1,\"name\":\"Accueil\",\"item\":\"https:\/\/viasso-occitanie-formation.org\/\"},{\"@type\":\"ListItem\",\"position\":2,\"name\":\"UNE ARTICULATION AVEC LE C\u0152UR DE M\u00c9TIER DES PAVA\u00ae\"}]},{\"@type\":\"WebSite\",\"@id\":\"https:\/\/viasso-occitanie-formation.org\/#website\",\"url\":\"https:\/\/viasso-occitanie-formation.org\/\",\"name\":\"VOF\",\"description\":\"\",\"publisher\":{\"@id\":\"https:\/\/viasso-occitanie-formation.org\/#organization\"},\"potentialAction\":[{\"@type\":\"SearchAction\",\"target\":{\"@type\":\"EntryPoint\",\"urlTemplate\":\"https:\/\/viasso-occitanie-formation.org\/?s={search_term_string}\"},\"query-input\":\"required name=search_term_string\"}],\"inLanguage\":\"fr-FR\"},{\"@type\":\"Organization\",\"@id\":\"https:\/\/viasso-occitanie-formation.org\/#organization\",\"name\":\"VOF\",\"url\":\"https:\/\/viasso-occitanie-formation.org\/\",\"logo\":{\"@type\":\"ImageObject\",\"inLanguage\":\"fr-FR\",\"@id\":\"https:\/\/viasso-occitanie-formation.org\/#\/schema\/logo\/image\/\",\"url\":\"https:\/\/viasso-occitanie-formation.org\/wp-content\/uploads\/2021\/08\/cropped-Logo-VOF-site-internet.png\",\"contentUrl\":\"https:\/\/viasso-occitanie-formation.org\/wp-content\/uploads\/2021\/08\/cropped-Logo-VOF-site-internet.png\",\"width\":75,\"height\":66,\"caption\":\"VOF\"},\"image\":{\"@id\":\"https:\/\/viasso-occitanie-formation.org\/#\/schema\/logo\/image\/\"}}]}<\/script>\n<!-- \/ Yoast SEO plugin. -->","yoast_head_json":{"title":"UNE ARTICULATION AVEC LE C\u0152UR DE M\u00c9TIER DES PAVA\u00ae - VOF","robots":{"index":"index","follow":"follow","max-snippet":"max-snippet:-1","max-image-preview":"max-image-preview:large","max-video-preview":"max-video-preview:-1"},"canonical":"https:\/\/viasso-occitanie-formation.org\/index.php\/une-articulation-avec-le-coeur-de-metier-des-pava\/","og_locale":"fr_FR","og_type":"article","og_title":"UNE ARTICULATION AVEC LE C\u0152UR DE M\u00c9TIER DES PAVA\u00ae - VOF","og_description":"ViAsso Occitanie rassemble tous les PAVA\u00ae &#8211; Point d&rsquo;Appui \u00e0 la Vie Associative\u00ae d&rsquo;Occitanie. Ils ont \u00a0pour objectif de permettre le d\u00e9veloppement d\u2019une vie associative de qualit\u00e9 et de soutenir la p\u00e9rennisation des associations par un accompagnement et un suivi professionnel. \u00a0La FORMATION\u00a0 est le prolongement naturel de cette mission. Les actions de formations, de [&hellip;]","og_url":"https:\/\/viasso-occitanie-formation.org\/index.php\/une-articulation-avec-le-coeur-de-metier-des-pava\/","og_site_name":"VOF","article_modified_time":"2024-04-19T10:49:58+00:00","twitter_card":"summary_large_image","twitter_misc":{"Dur\u00e9e de lecture estim\u00e9e":"1 minute"},"schema":{"@context":"https:\/\/schema.org","@graph":[{"@type":"WebPage","@id":"https:\/\/viasso-occitanie-formation.org\/index.php\/une-articulation-avec-le-coeur-de-metier-des-pava\/","url":"https:\/\/viasso-occitanie-formation.org\/index.php\/une-articulation-avec-le-coeur-de-metier-des-pava\/","name":"UNE ARTICULATION AVEC LE C\u0152UR DE M\u00c9TIER DES PAVA\u00ae - VOF","isPartOf":{"@id":"https:\/\/viasso-occitanie-formation.org\/#website"},"datePublished":"2021-09-01T13:48:30+00:00","dateModified":"2024-04-19T10:49:58+00:00","breadcrumb":{"@id":"https:\/\/viasso-occitanie-formation.org\/index.php\/une-articulation-avec-le-coeur-de-metier-des-pava\/#breadcrumb"},"inLanguage":"fr-FR","potentialAction":[{"@type":"ReadAction","target":["https:\/\/viasso-occitanie-formation.org\/index.php\/une-articulation-avec-le-coeur-de-metier-des-pava\/"]}]},{"@type":"BreadcrumbList","@id":"https:\/\/viasso-occitanie-formation.org\/index.php\/une-articulation-avec-le-coeur-de-metier-des-pava\/#breadcrumb","itemListElement":[{"@type":"ListItem","position":1,"name":"Accueil","item":"https:\/\/viasso-occitanie-formation.org\/"},{"@type":"ListItem","position":2,"name":"UNE ARTICULATION AVEC LE C\u0152UR DE M\u00c9TIER DES PAVA\u00ae"}]},{"@type":"WebSite","@id":"https:\/\/viasso-occitanie-formation.org\/#website","url":"https:\/\/viasso-occitanie-formation.org\/","name":"VOF","description":"","publisher":{"@id":"https:\/\/viasso-occitanie-formation.org\/#organization"},"potentialAction":[{"@type":"SearchAction","target":{"@type":"EntryPoint","urlTemplate":"https:\/\/viasso-occitanie-formation.org\/?s={search_term_string}"},"query-input":"required name=search_term_string"}],"inLanguage":"fr-FR"},{"@type":"Organization","@id":"https:\/\/viasso-occitanie-formation.org\/#organization","name":"VOF","url":"https:\/\/viasso-occitanie-formation.org\/","logo":{"@type":"ImageObject","inLanguage":"fr-FR","@id":"https:\/\/viasso-occitanie-formation.org\/#\/schema\/logo\/image\/","url":"https:\/\/viasso-occitanie-formation.org\/wp-content\/uploads\/2021\/08\/cropped-Logo-VOF-site-internet.png","contentUrl":"https:\/\/viasso-occitanie-formation.org\/wp-content\/uploads\/2021\/08\/cropped-Logo-VOF-site-internet.png","width":75,"height":66,"caption":"VOF"},"image":{"@id":"https:\/\/viasso-occitanie-formation.org\/#\/schema\/logo\/image\/"}}]}},"_links":{"self":[{"href":"https:\/\/viasso-occitanie-formation.org\/index.php\/wp-json\/wp\/v2\/pages\/250"}],"collection":[{"href":"https:\/\/viasso-occitanie-formation.org\/index.php\/wp-json\/wp\/v2\/pages"}],"about":[{"href":"https:\/\/viasso-occitanie-formation.org\/index.php\/wp-json\/wp\/v2\/types\/page"}],"author":[{"embeddable":true,"href":"https:\/\/viasso-occitanie-formation.org\/index.php\/wp-json\/wp\/v2\/users\/1"}],"replies":[{"embeddable":true,"href":"https:\/\/viasso-occitanie-formation.org\/index.php\/wp-json\/wp\/v2\/comments?post=250"}],"version-history":[{"count":1,"href":"https:\/\/viasso-occitanie-formation.org\/index.php\/wp-json\/wp\/v2\/pages\/250\/revisions"}],"predecessor-version":[{"id":251,"href":"https:\/\/viasso-occitanie-formation.org\/index.php\/wp-json\/wp\/v2\/pages\/250\/revisions\/251"}],"wp:attachment":[{"href":"https:\/\/viasso-occitanie-formation.org\/index.php\/wp-json\/wp\/v2\/media?parent=250"}],"curies":[{"name":"wp","href":"https:\/\/api.w.org\/{rel}","templated":true}]}}