{"id":290,"date":"2021-09-07T10:21:21","date_gmt":"2021-09-07T08:21:21","guid":{"rendered":"https:\/\/viasso-occitanie-formation.org\/?page_id=290"},"modified":"2021-09-07T10:21:22","modified_gmt":"2021-09-07T08:21:22","slug":"mentions-legales","status":"publish","type":"page","link":"https:\/\/viasso-occitanie-formation.org\/index.php\/mentions-legales\/","title":{"rendered":"Mentions l\u00e9gales"},"content":{"rendered":"\n<p><strong>\u00c9diteur du site<\/strong><\/p>\n\n\n\n<p>Ce site web est le site officiel de ViAsso Occitanie Formation.<\/p>\n\n\n\n<hr class=\"wp-block-separator\"\/>\n\n\n\n<p><strong>Responsable du site<\/strong> : Mathieu Petiot<\/p>\n\n\n\n<p><strong>Le design et le d\u00e9veloppement<\/strong> du site internet ont \u00e9t\u00e9 r\u00e9alis\u00e9s par Ingrid Masi<\/p>\n\n\n\n<hr class=\"wp-block-separator\"\/>\n\n\n\n<p><strong>L\u2019h\u00e9bergement du site<\/strong> est assur\u00e9 par :<br>OVH<br>SAS au capital de 10 069 020 \u20ac<br>RCS Lille M\u00e9tropole 424 761 419 00045<br>Code APE 2620Z<br>N\u00b0 TVA : FR 22 424 761 419<br>Si\u00e8ge social : 2 rue Kellermann \u2013 59100 Roubaix \u2013 France.<\/p>\n\n\n\n<p>Loi n\u00b078-17 du 6 janvier 1978 relative \u00e0 l\u2019informatique, aux fichiers et aux libert\u00e9s<\/p>\n\n\n\n<p>Les informations fournies restent confidentielles et ne seront utilis\u00e9es que par ViAsso Occitanie Formation ou par les associations partenaires de ViAsso Occitanie Formation.<br>Vous disposez d\u2019un droit d\u2019acc\u00e8s, de modification, de rectification et de suppression des donn\u00e9es qui vous concernent (art. 34 de la loi \u201cInformatique et Libert\u00e9s\u201d). Pour l\u2019exercer, \u00e9crivez \u00e0 :<br>ViAsso Occitanie Formation<br>INESS &#8211; 30 AV DR PAUL POMPIDOR<br>c\/o LA RUCHE ASSOCIATIVE<br>11100 NARBONNE<br>ou sur contact@viasso-occitanie-formation.org<\/p>\n\n\n\n<hr class=\"wp-block-separator\"\/>\n\n\n\n<p><strong>Droits d\u2019auteurs et copyright<\/strong><\/p>\n\n\n\n<p>L\u2019ensemble de ce site rel\u00e8ve de la l\u00e9gislation fran\u00e7aise et internationale sur le droit d\u2019auteur et la propri\u00e9t\u00e9 intellectuelle. Tous les droits de reproduction sont r\u00e9serv\u00e9s pour les documents ou information (y compris les documents t\u00e9l\u00e9chargeables, les repr\u00e9sentations iconographiques, photographiques) hormis les outils publicitaires ou de communication explicitement autoris\u00e9s pour libre utilisation dans le cadre des missions et des valeurs propres \u00e0 ViAsso Occitanie Formation.<\/p>\n\n\n\n<p>La reproduction de tout ou partie de ce site sur un support \u00e9lectronique quel qu\u2019il soit est formellement interdite sauf autorisation expresse du responsable du site de ViAsso Occitanie Formation<\/p>\n","protected":false},"excerpt":{"rendered":"<p>\u00c9diteur du site Ce site web est le site officiel de ViAsso Occitanie Formation. Responsable du site : Mathieu Petiot Le design et le d\u00e9veloppement du site internet ont \u00e9t\u00e9 r\u00e9alis\u00e9s par Ingrid Masi L\u2019h\u00e9bergement du site est assur\u00e9 par :OVHSAS au capital de 10 069 020 \u20acRCS Lille M\u00e9tropole 424 761 419 00045Code APE [&hellip;]<\/p>\n","protected":false},"author":1,"featured_media":0,"parent":0,"menu_order":0,"comment_status":"closed","ping_status":"closed","template":"","meta":{"footnotes":""},"yoast_head":"<!-- This site is optimized with the Yoast SEO plugin v22.5 - https:\/\/yoast.com\/wordpress\/plugins\/seo\/ -->\n<title>Mentions l\u00e9gales - VOF<\/title>\n<meta name=\"robots\" content=\"index, follow, max-snippet:-1, max-image-preview:large, max-video-preview:-1\" \/>\n<link rel=\"canonical\" href=\"https:\/\/viasso-occitanie-formation.org\/index.php\/mentions-legales\/\" \/>\n<meta property=\"og:locale\" content=\"fr_FR\" \/>\n<meta property=\"og:type\" content=\"article\" \/>\n<meta property=\"og:title\" content=\"Mentions l\u00e9gales - VOF\" \/>\n<meta property=\"og:description\" content=\"\u00c9diteur du site Ce site web est le site officiel de ViAsso Occitanie Formation. Responsable du site : Mathieu Petiot Le design et le d\u00e9veloppement du site internet ont \u00e9t\u00e9 r\u00e9alis\u00e9s par Ingrid Masi L\u2019h\u00e9bergement du site est assur\u00e9 par :OVHSAS au capital de 10 069 020 \u20acRCS Lille M\u00e9tropole 424 761 419 00045Code APE [&hellip;]\" \/>\n<meta property=\"og:url\" content=\"https:\/\/viasso-occitanie-formation.org\/index.php\/mentions-legales\/\" \/>\n<meta property=\"og:site_name\" content=\"VOF\" \/>\n<meta property=\"article:modified_time\" content=\"2021-09-07T08:21:22+00:00\" \/>\n<meta name=\"twitter:card\" content=\"summary_large_image\" \/>\n<meta name=\"twitter:label1\" content=\"Dur\u00e9e de lecture estim\u00e9e\" \/>\n\t<meta name=\"twitter:data1\" content=\"2 minutes\" \/>\n<script type=\"application\/ld+json\" class=\"yoast-schema-graph\">{\"@context\":\"https:\/\/schema.org\",\"@graph\":[{\"@type\":\"WebPage\",\"@id\":\"https:\/\/viasso-occitanie-formation.org\/index.php\/mentions-legales\/\",\"url\":\"https:\/\/viasso-occitanie-formation.org\/index.php\/mentions-legales\/\",\"name\":\"Mentions l\u00e9gales - VOF\",\"isPartOf\":{\"@id\":\"https:\/\/viasso-occitanie-formation.org\/#website\"},\"datePublished\":\"2021-09-07T08:21:21+00:00\",\"dateModified\":\"2021-09-07T08:21:22+00:00\",\"breadcrumb\":{\"@id\":\"https:\/\/viasso-occitanie-formation.org\/index.php\/mentions-legales\/#breadcrumb\"},\"inLanguage\":\"fr-FR\",\"potentialAction\":[{\"@type\":\"ReadAction\",\"target\":[\"https:\/\/viasso-occitanie-formation.org\/index.php\/mentions-legales\/\"]}]},{\"@type\":\"BreadcrumbList\",\"@id\":\"https:\/\/viasso-occitanie-formation.org\/index.php\/mentions-legales\/#breadcrumb\",\"itemListElement\":[{\"@type\":\"ListItem\",\"position\":1,\"name\":\"Accueil\",\"item\":\"https:\/\/viasso-occitanie-formation.org\/\"},{\"@type\":\"ListItem\",\"position\":2,\"name\":\"Mentions l\u00e9gales\"}]},{\"@type\":\"WebSite\",\"@id\":\"https:\/\/viasso-occitanie-formation.org\/#website\",\"url\":\"https:\/\/viasso-occitanie-formation.org\/\",\"name\":\"VOF\",\"description\":\"\",\"publisher\":{\"@id\":\"https:\/\/viasso-occitanie-formation.org\/#organization\"},\"potentialAction\":[{\"@type\":\"SearchAction\",\"target\":{\"@type\":\"EntryPoint\",\"urlTemplate\":\"https:\/\/viasso-occitanie-formation.org\/?s={search_term_string}\"},\"query-input\":\"required name=search_term_string\"}],\"inLanguage\":\"fr-FR\"},{\"@type\":\"Organization\",\"@id\":\"https:\/\/viasso-occitanie-formation.org\/#organization\",\"name\":\"VOF\",\"url\":\"https:\/\/viasso-occitanie-formation.org\/\",\"logo\":{\"@type\":\"ImageObject\",\"inLanguage\":\"fr-FR\",\"@id\":\"https:\/\/viasso-occitanie-formation.org\/#\/schema\/logo\/image\/\",\"url\":\"https:\/\/viasso-occitanie-formation.org\/wp-content\/uploads\/2021\/08\/cropped-Logo-VOF-site-internet.png\",\"contentUrl\":\"https:\/\/viasso-occitanie-formation.org\/wp-content\/uploads\/2021\/08\/cropped-Logo-VOF-site-internet.png\",\"width\":75,\"height\":66,\"caption\":\"VOF\"},\"image\":{\"@id\":\"https:\/\/viasso-occitanie-formation.org\/#\/schema\/logo\/image\/\"}}]}<\/script>\n<!-- \/ Yoast SEO plugin. -->","yoast_head_json":{"title":"Mentions l\u00e9gales - VOF","robots":{"index":"index","follow":"follow","max-snippet":"max-snippet:-1","max-image-preview":"max-image-preview:large","max-video-preview":"max-video-preview:-1"},"canonical":"https:\/\/viasso-occitanie-formation.org\/index.php\/mentions-legales\/","og_locale":"fr_FR","og_type":"article","og_title":"Mentions l\u00e9gales - VOF","og_description":"\u00c9diteur du site Ce site web est le site officiel de ViAsso Occitanie Formation. Responsable du site : Mathieu Petiot Le design et le d\u00e9veloppement du site internet ont \u00e9t\u00e9 r\u00e9alis\u00e9s par Ingrid Masi L\u2019h\u00e9bergement du site est assur\u00e9 par :OVHSAS au capital de 10 069 020 \u20acRCS Lille M\u00e9tropole 424 761 419 00045Code APE [&hellip;]","og_url":"https:\/\/viasso-occitanie-formation.org\/index.php\/mentions-legales\/","og_site_name":"VOF","article_modified_time":"2021-09-07T08:21:22+00:00","twitter_card":"summary_large_image","twitter_misc":{"Dur\u00e9e de lecture estim\u00e9e":"2 minutes"},"schema":{"@context":"https:\/\/schema.org","@graph":[{"@type":"WebPage","@id":"https:\/\/viasso-occitanie-formation.org\/index.php\/mentions-legales\/","url":"https:\/\/viasso-occitanie-formation.org\/index.php\/mentions-legales\/","name":"Mentions l\u00e9gales - VOF","isPartOf":{"@id":"https:\/\/viasso-occitanie-formation.org\/#website"},"datePublished":"2021-09-07T08:21:21+00:00","dateModified":"2021-09-07T08:21:22+00:00","breadcrumb":{"@id":"https:\/\/viasso-occitanie-formation.org\/index.php\/mentions-legales\/#breadcrumb"},"inLanguage":"fr-FR","potentialAction":[{"@type":"ReadAction","target":["https:\/\/viasso-occitanie-formation.org\/index.php\/mentions-legales\/"]}]},{"@type":"BreadcrumbList","@id":"https:\/\/viasso-occitanie-formation.org\/index.php\/mentions-legales\/#breadcrumb","itemListElement":[{"@type":"ListItem","position":1,"name":"Accueil","item":"https:\/\/viasso-occitanie-formation.org\/"},{"@type":"ListItem","position":2,"name":"Mentions l\u00e9gales"}]},{"@type":"WebSite","@id":"https:\/\/viasso-occitanie-formation.org\/#website","url":"https:\/\/viasso-occitanie-formation.org\/","name":"VOF","description":"","publisher":{"@id":"https:\/\/viasso-occitanie-formation.org\/#organization"},"potentialAction":[{"@type":"SearchAction","target":{"@type":"EntryPoint","urlTemplate":"https:\/\/viasso-occitanie-formation.org\/?s={search_term_string}"},"query-input":"required name=search_term_string"}],"inLanguage":"fr-FR"},{"@type":"Organization","@id":"https:\/\/viasso-occitanie-formation.org\/#organization","name":"VOF","url":"https:\/\/viasso-occitanie-formation.org\/","logo":{"@type":"ImageObject","inLanguage":"fr-FR","@id":"https:\/\/viasso-occitanie-formation.org\/#\/schema\/logo\/image\/","url":"https:\/\/viasso-occitanie-formation.org\/wp-content\/uploads\/2021\/08\/cropped-Logo-VOF-site-internet.png","contentUrl":"https:\/\/viasso-occitanie-formation.org\/wp-content\/uploads\/2021\/08\/cropped-Logo-VOF-site-internet.png","width":75,"height":66,"caption":"VOF"},"image":{"@id":"https:\/\/viasso-occitanie-formation.org\/#\/schema\/logo\/image\/"}}]}},"_links":{"self":[{"href":"https:\/\/viasso-occitanie-formation.org\/index.php\/wp-json\/wp\/v2\/pages\/290"}],"collection":[{"href":"https:\/\/viasso-occitanie-formation.org\/index.php\/wp-json\/wp\/v2\/pages"}],"about":[{"href":"https:\/\/viasso-occitanie-formation.org\/index.php\/wp-json\/wp\/v2\/types\/page"}],"author":[{"embeddable":true,"href":"https:\/\/viasso-occitanie-formation.org\/index.php\/wp-json\/wp\/v2\/users\/1"}],"replies":[{"embeddable":true,"href":"https:\/\/viasso-occitanie-formation.org\/index.php\/wp-json\/wp\/v2\/comments?post=290"}],"version-history":[{"count":1,"href":"https:\/\/viasso-occitanie-formation.org\/index.php\/wp-json\/wp\/v2\/pages\/290\/revisions"}],"predecessor-version":[{"id":291,"href":"https:\/\/viasso-occitanie-formation.org\/index.php\/wp-json\/wp\/v2\/pages\/290\/revisions\/291"}],"wp:attachment":[{"href":"https:\/\/viasso-occitanie-formation.org\/index.php\/wp-json\/wp\/v2\/media?parent=290"}],"curies":[{"name":"wp","href":"https:\/\/api.w.org\/{rel}","templated":true}]}}