{"id":754,"date":"2024-04-19T12:19:57","date_gmt":"2024-04-19T10:19:57","guid":{"rendered":"https:\/\/viasso-occitanie-formation.org\/?page_id=754"},"modified":"2024-10-28T16:43:48","modified_gmt":"2024-10-28T15:43:48","slug":"accueil","status":"publish","type":"page","link":"https:\/\/viasso-occitanie-formation.org\/","title":{"rendered":"Accueil"},"content":{"rendered":"\t\t<div data-elementor-type=\"wp-page\" data-elementor-id=\"754\" class=\"elementor elementor-754\">\n\t\t\t\t\t\t<section class=\"elementor-section elementor-top-section elementor-element elementor-element-eb24cd2 elementor-section-boxed elementor-section-height-default elementor-section-height-default\" data-id=\"eb24cd2\" data-element_type=\"section\">\n\t\t\t\t\t\t<div class=\"elementor-container elementor-column-gap-default\">\n\t\t\t\t\t<div class=\"elementor-column elementor-col-100 elementor-top-column elementor-element elementor-element-b1616d1\" data-id=\"b1616d1\" data-element_type=\"column\">\n\t\t\t<div class=\"elementor-widget-wrap elementor-element-populated\">\n\t\t\t\t\t\t<div class=\"elementor-element elementor-element-1403476 elementor-widget elementor-widget-text-editor\" data-id=\"1403476\" data-element_type=\"widget\" data-widget_type=\"text-editor.default\">\n\t\t\t\t<div class=\"elementor-widget-container\">\n\t\t\t\t\t\t\t\t\t<p>ViAsso Occitanie rassemble tous les PAVA \u2013 Point d\u2019Appui \u00e0 la Vie Associative d\u2019Occitanie. Il a pour objectif de permettre le d\u00e9veloppement d\u2019une vie associative de qualit\u00e9 et de soutenir la p\u00e9rennisation des associations par un accompagnement et un suivi professionnel. \u00a0La FORMATION\u00a0 est le prolongement naturel de cette mission. Les actions de formations \u00e0 mettre en \u0153uvre en faveur des personnes \u0153uvrant au sein d\u2019une association sont ainsi la plupart du temps rep\u00e9r\u00e9es \u00e0 l\u2019occasion d\u2019\u00e9changes sur les probl\u00e9matiques pos\u00e9es par l\u2019association.<\/p><p>ViAsso Occitanie Formation a \u00e9t\u00e9 cr\u00e9\u00e9 par ViAsso Occitanie afin de faciliter l\u2019acc\u00e8s des associations \u00e0 la Formation Professionnelle Continue de leur permettre d\u2019acc\u00e9der \u00e0 des financements rendant possible la mise en \u0153uvre de ces dispositifs, notamment par les OPCO.<\/p><p>Toutes les formations sont des \u00ab\u00a0Formations-Actions\u00a0\u00bb, c\u2019est-\u00e0-dire que, d\u2019une part , ce sont les r\u00e9alit\u00e9s des associations qui servent de support p\u00e9dagogique et d\u2019autre part, ces formations permettent aux stagiaires de \u00ab\u00a0produire\u00a0\u00bb des effets b\u00e9n\u00e9fiques pour l\u2019association durant m\u00eame le d\u00e9roulement de la formation.<\/p>\t\t\t\t\t\t\t\t<\/div>\n\t\t\t\t<\/div>\n\t\t\t\t\t<\/div>\n\t\t<\/div>\n\t\t\t\t\t<\/div>\n\t\t<\/section>\n\t\t\t\t<section class=\"elementor-section elementor-top-section elementor-element elementor-element-5dc666d elementor-section-boxed elementor-section-height-default elementor-section-height-default\" data-id=\"5dc666d\" data-element_type=\"section\">\n\t\t\t\t\t\t<div class=\"elementor-container elementor-column-gap-default\">\n\t\t\t\t\t<div class=\"elementor-column elementor-col-100 elementor-top-column elementor-element elementor-element-8fbfcda\" data-id=\"8fbfcda\" data-element_type=\"column\">\n\t\t\t<div class=\"elementor-widget-wrap elementor-element-populated\">\n\t\t\t\t\t\t<div class=\"elementor-element elementor-element-03730ca elementor-tabs-view-horizontal elementor-widget elementor-widget-tabs\" data-id=\"03730ca\" data-element_type=\"widget\" data-widget_type=\"tabs.default\">\n\t\t\t\t<div class=\"elementor-widget-container\">\n\t\t\t\t\t\t\t<div class=\"elementor-tabs\">\n\t\t\t<div class=\"elementor-tabs-wrapper\" role=\"tablist\" >\n\t\t\t\t\t\t\t\t\t<div id=\"elementor-tab-title-3611\" class=\"elementor-tab-title elementor-tab-desktop-title\" aria-selected=\"true\" data-tab=\"1\" role=\"tab\" tabindex=\"0\" aria-controls=\"elementor-tab-content-3611\" aria-expanded=\"false\">Accessibilit\u00e9<\/div>\n\t\t\t\t\t\t\t\t\t<div id=\"elementor-tab-title-3612\" class=\"elementor-tab-title elementor-tab-desktop-title\" aria-selected=\"false\" data-tab=\"2\" role=\"tab\" tabindex=\"-1\" aria-controls=\"elementor-tab-content-3612\" aria-expanded=\"false\">Prise en charge financi\u00e8re<\/div>\n\t\t\t\t\t\t\t\t\t<div id=\"elementor-tab-title-3613\" class=\"elementor-tab-title elementor-tab-desktop-title\" aria-selected=\"false\" data-tab=\"3\" role=\"tab\" tabindex=\"-1\" aria-controls=\"elementor-tab-content-3613\" aria-expanded=\"false\">Modalit\u00e9s d'\u00e9valuation<\/div>\n\t\t\t\t\t\t\t<\/div>\n\t\t\t<div class=\"elementor-tabs-content-wrapper\" role=\"tablist\" aria-orientation=\"vertical\">\n\t\t\t\t\t\t\t\t\t<div class=\"elementor-tab-title elementor-tab-mobile-title\" aria-selected=\"true\" data-tab=\"1\" role=\"tab\" tabindex=\"0\" aria-controls=\"elementor-tab-content-3611\" aria-expanded=\"false\">Accessibilit\u00e9<\/div>\n\t\t\t\t\t<div id=\"elementor-tab-content-3611\" class=\"elementor-tab-content elementor-clearfix\" data-tab=\"1\" role=\"tabpanel\" aria-labelledby=\"elementor-tab-title-3611\" tabindex=\"0\" hidden=\"false\"><p>Afin de garantir l\u2019acc\u00e8s \u00e0 toutes et \u00e0 tous, ViAsso Occitanie Formation s\u2019engage \u00e0 veiller \u00e0 ce que, si besoin, le lieu devant accueillir une formation soit accessible.\u00a0<\/p><p>Cela peut \u00eatre une question de lieu mais aussi de mat\u00e9riel ou d\u2019attention particuli\u00e8re.<\/p><p>Afin de r\u00e9pondre aux demandes \u00e9ventuelles, n\u2019h\u00e9sitez pas \u00e0 contacter Agn\u00e8s, notre r\u00e9f\u00e9rente handicap au 07 57 18 98 85 ou par mail : <a href=\"mailto:contact@viasso-occitanie-formation.org\">contact@viasso-occitanie-formation.org<\/a><\/p><\/div>\n\t\t\t\t\t\t\t\t\t<div class=\"elementor-tab-title elementor-tab-mobile-title\" aria-selected=\"false\" data-tab=\"2\" role=\"tab\" tabindex=\"-1\" aria-controls=\"elementor-tab-content-3612\" aria-expanded=\"false\">Prise en charge financi\u00e8re<\/div>\n\t\t\t\t\t<div id=\"elementor-tab-content-3612\" class=\"elementor-tab-content elementor-clearfix\" data-tab=\"2\" role=\"tabpanel\" aria-labelledby=\"elementor-tab-title-3612\" tabindex=\"0\" hidden=\"hidden\"><p>ViAsso Occitanie Formation a \u00e9t\u00e9 cr\u00e9\u00e9 par ViAsso Occitanie afin de faciliter l\u2019acc\u00e8s des associations \u00e0 la Formation Professionnelle Continue, \u00e0 la VAE et au Bilan de Comp\u00e9tence et de leur permettre d\u2019acc\u00e9der \u00e0 des financements rendant possible la mise en \u0153uvre de ces dispositifs, notamment par les OPCO.<\/p><\/div>\n\t\t\t\t\t\t\t\t\t<div class=\"elementor-tab-title elementor-tab-mobile-title\" aria-selected=\"false\" data-tab=\"3\" role=\"tab\" tabindex=\"-1\" aria-controls=\"elementor-tab-content-3613\" aria-expanded=\"false\">Modalit\u00e9s d'\u00e9valuation<\/div>\n\t\t\t\t\t<div id=\"elementor-tab-content-3613\" class=\"elementor-tab-content elementor-clearfix\" data-tab=\"3\" role=\"tabpanel\" aria-labelledby=\"elementor-tab-title-3613\" tabindex=\"0\" hidden=\"hidden\"><p>ViAsso Occitanie Formation ne dispense pas de formation donnant lieu \u00e0 dipl\u00f4me ou certification.<\/p><p>Seule une attestation de formation est d\u00e9livr\u00e9e.<\/p><p>Afin de mesurer l\u2019atteintes des objectifs p\u00e9dagogiques, chaque formateur\/rice, durant ou \u00e0 la fin de la formation , proc\u00e8de \u00e0 une ou des \u00e9valuations.<\/p><\/div>\n\t\t\t\t\t\t\t<\/div>\n\t\t<\/div>\n\t\t\t\t\t\t<\/div>\n\t\t\t\t<\/div>\n\t\t\t\t\t<\/div>\n\t\t<\/div>\n\t\t\t\t\t<\/div>\n\t\t<\/section>\n\t\t\t\t<section class=\"elementor-section elementor-top-section elementor-element elementor-element-2a9a4d9 elementor-section-boxed elementor-section-height-default elementor-section-height-default\" data-id=\"2a9a4d9\" data-element_type=\"section\">\n\t\t\t\t\t\t<div class=\"elementor-container elementor-column-gap-default\">\n\t\t\t\t\t<div class=\"elementor-column elementor-col-100 elementor-top-column elementor-element elementor-element-cd05284\" data-id=\"cd05284\" data-element_type=\"column\">\n\t\t\t<div class=\"elementor-widget-wrap elementor-element-populated\">\n\t\t\t\t\t\t<div class=\"elementor-element elementor-element-8d23c3a elementor-widget elementor-widget-heading\" data-id=\"8d23c3a\" data-element_type=\"widget\" data-widget_type=\"heading.default\">\n\t\t\t\t<div class=\"elementor-widget-container\">\n\t\t\t\t\t<h2 class=\"elementor-heading-title elementor-size-default\">Informations et bilans<\/h2>\t\t\t\t<\/div>\n\t\t\t\t<\/div>\n\t\t\t\t\t<\/div>\n\t\t<\/div>\n\t\t\t\t\t<\/div>\n\t\t<\/section>\n\t\t\t\t<section class=\"elementor-section elementor-top-section elementor-element elementor-element-a674515 elementor-section-full_width elementor-section-height-default elementor-section-height-default\" data-id=\"a674515\" data-element_type=\"section\">\n\t\t\t\t\t\t<div class=\"elementor-container elementor-column-gap-default\">\n\t\t\t\t\t<div class=\"elementor-column elementor-col-100 elementor-top-column elementor-element elementor-element-8ecb8a7\" data-id=\"8ecb8a7\" data-element_type=\"column\">\n\t\t\t<div class=\"elementor-widget-wrap elementor-element-populated\">\n\t\t\t\t\t\t<section class=\"elementor-section elementor-inner-section elementor-element elementor-element-7ccee59 elementor-section-boxed elementor-section-height-default elementor-section-height-default\" data-id=\"7ccee59\" data-element_type=\"section\">\n\t\t\t\t\t\t<div class=\"elementor-container elementor-column-gap-default\">\n\t\t\t\t\t<div class=\"elementor-column elementor-col-50 elementor-inner-column elementor-element elementor-element-6adfb2f\" data-id=\"6adfb2f\" data-element_type=\"column\">\n\t\t\t<div class=\"elementor-widget-wrap elementor-element-populated\">\n\t\t\t\t\t\t<div class=\"elementor-element elementor-element-8bcfe34 elementor-widget elementor-widget-text-editor\" data-id=\"8bcfe34\" data-element_type=\"widget\" data-widget_type=\"text-editor.default\">\n\t\t\t\t<div class=\"elementor-widget-container\">\n\t\t\t\t\t\t\t\t\t<p>Nous publions notre rapport annuel 2023 qui pr\u00e9sente le bilan des activit\u00e9s de VOF et notre engagement au service de la formation associative.<\/p><p><a href=\"https:\/\/viasso-occitanie-formation.org\/wp-content\/uploads\/2024\/10\/BIlan-2023.pdf\">Cliquez ici pour avoir toutes les informations<\/a><\/p>\t\t\t\t\t\t\t\t<\/div>\n\t\t\t\t<\/div>\n\t\t\t\t\t<\/div>\n\t\t<\/div>\n\t\t\t\t<div class=\"elementor-column elementor-col-50 elementor-inner-column elementor-element elementor-element-b75dbfe\" data-id=\"b75dbfe\" data-element_type=\"column\">\n\t\t\t<div class=\"elementor-widget-wrap elementor-element-populated\">\n\t\t\t\t\t\t<div class=\"elementor-element elementor-element-d4b259e elementor-widget elementor-widget-text-editor\" data-id=\"d4b259e\" data-element_type=\"widget\" data-widget_type=\"text-editor.default\">\n\t\t\t\t<div class=\"elementor-widget-container\">\n\t\t\t\t\t\t\t\t\t<style>\r\n\r\n#wpsm_counter_b_row_694 .wpsm_counterbox\r\n{\r\n\ttext-align:center;\r\n\tmargin-top:50px;\r\n\tmargin-bottom:50px;\r\n}\r\n#wpsm_counter_b_row_694 .wpsm_counterbox .wpsm_count-icon{\r\n\tdisplay:block;\r\n\tmargin-top:20px;\r\n\tpadding-top:0px;\r\n\tpadding-bottom:0px;\r\n\tmargin-bottom:0px;\r\n\tmargin:0 auto;\r\n}\r\n#wpsm_counter_b_row_694 .wpsm_counterbox .wpsm_count-icon i{\r\n\tfont-size:25px;\r\n\tcolor:#1e73be;\r\n}\r\n#wpsm_counter_b_row_694 .wpsm_counterbox .wpsm_number{\r\n\tfont-size:45px;\r\n\tfont-weight:400;\r\n\tcolor:#f4e838;\r\n\tfont-family:'Open Sans';\r\n\tletter-spacing:2px;\r\n\tmargin-top:20px;\r\n\tline-height: 1.3em;\r\n\tpadding-top:0px;\r\n\tpadding-bottom:0px;\r\n\tmargin-bottom:0px;\r\n}\r\n#wpsm_counter_b_row_694 .wpsm_counterbox .wpsm_count-title{\r\n    font-size:20px;\r\n\tfont-weight:bolder;\r\n\tfont-family:'Open Sans';\r\n\tletter-spacing:2px;\r\n    color: #1e73be;\r\n\tfont-weight:400;\r\n\tmargin-top:20px;\r\n\tpadding-top:0px;\r\n\tpadding-bottom:0px;\r\n\tmargin-bottom:0px;\r\n\tline-height: 1.3em;\r\n}\r\n\r\n<\/style> \r\n\t\t \r\n\t\t\r\n\t\t<style>\r\n\t\t#wpsm_counter_b_row_694\t\t\t{\r\n\t\t\t\t\r\n\t\t\t\tposition:relative;\r\n\t\t\t\twidth:100%;\r\n\t\t\t\toverflow:hidden;\r\n\t\t\t\ttext-align:center;\r\n\t\t\t}\r\n\t\t\t \r\n\t\t\t#wpsm_counter_b_row_694 .wpsm_row{\r\n\t\t\toverflow:hidden;\r\n\t\t\tdisplay:block;\r\n\t\t\twidth:100%;\r\n\t\t\t} \r\n\t\t\t \r\n\t\t\t#wpsm_counter_b_row_694 .wpsm_row{\r\n\t\t\toverflow:visible;\r\n\t\t\t} \r\n\t\t\t \r\n\t\t\t#wpsm_counter_b_row_694 .wpsm_counterbox .wpsm_count-title{\r\n\t\t\tmin-height:56px;\r\n\t\t\t}}\r\n\t\t\t \r\n\t\t<\/style>\r\n\t\t\r\n\t\t<div class=\"wpsm_counter_b_row\" id=\"wpsm_counter_b_row_694\">\r\n\t\t\t<div>\r\n\t\t\t\t<div class=\"wpsm_row\">\r\n\t\t\r\n\t\t\t\t\t\t<div class=\"wpsm_col-md-6 wpsm_col-sm-6\">\r\n\t\t\t\t\t<div class=\"wpsm_counterbox\">\r\n\t\t\t\t\t\t \r\n\t\t\t\t\t\t<div class=\"wpsm_count-icon\"><i #1e73be class=\"fa fa-group\"><\/i><\/div>\r\n\t\t\t\t\t\t\t\t\t\t\t\t<div class=\"wpsm_number\" style=\"#f4e838\" >\r\n\t\t\t\t\t\t   <span class=\"counter\">147\t\t\t\t\t\t   <\/span>\r\n\t\t\t\t\t\t    \r\n\t\t\t\t\t    <\/div>\r\n\t\t\t\t\t\t<h3 class=\"wpsm_count-title\" #1e73be> Nombre de stagiaires<\/h3>\r\n\t\t\t\t\t\t \r\n\t\t\t\t\t<\/div>\r\n\t\t\t\t<\/div>\r\n\t\t\t\t\t\t\t\t\t<div class=\"wpsm_col-md-6 wpsm_col-sm-6\">\r\n\t\t\t\t\t<div class=\"wpsm_counterbox\">\r\n\t\t\t\t\t\t \r\n\t\t\t\t\t\t<div class=\"wpsm_count-icon\"><i #1e73be class=\"fa fa-calendar\"><\/i><\/div>\r\n\t\t\t\t\t\t\t\t\t\t\t\t<div class=\"wpsm_number\" style=\"#f4e838\" >\r\n\t\t\t\t\t\t   <span class=\"counter\">33\t\t\t\t\t\t   <\/span>\r\n\t\t\t\t\t\t    \r\n\t\t\t\t\t    <\/div>\r\n\t\t\t\t\t\t<h3 class=\"wpsm_count-title\" #1e73be> Nombre de sessions<\/h3>\r\n\t\t\t\t\t\t \r\n\t\t\t\t\t<\/div>\r\n\t\t\t\t<\/div>\r\n\t\t\t\t\t\t<\/div>\r\n\t\t\t<div class=\"wpsm_row\">\r\n\t\t\t\t\t\t\t\t<div class=\"wpsm_col-md-6 wpsm_col-sm-6\">\r\n\t\t\t\t\t<div class=\"wpsm_counterbox\">\r\n\t\t\t\t\t\t \r\n\t\t\t\t\t\t<div class=\"wpsm_count-icon\"><i #1e73be class=\"fa fa-smile-o\"><\/i><\/div>\r\n\t\t\t\t\t\t\t\t\t\t\t\t<div class=\"wpsm_number\" style=\"#f4e838\" >\r\n\t\t\t\t\t\t   <span class=\"counter\">100\t\t\t\t\t\t   <\/span>\r\n\t\t\t\t\t\t    \r\n\t\t\t\t\t    <\/div>\r\n\t\t\t\t\t\t<h3 class=\"wpsm_count-title\" #1e73be> Taux de satisfaction<\/h3>\r\n\t\t\t\t\t\t \r\n\t\t\t\t\t<\/div>\r\n\t\t\t\t<\/div>\r\n\t\t\t\t\t\t\t\t\t<div class=\"wpsm_col-md-6 wpsm_col-sm-6\">\r\n\t\t\t\t\t<div class=\"wpsm_counterbox\">\r\n\t\t\t\t\t\t \r\n\t\t\t\t\t\t<div class=\"wpsm_count-icon\"><i #1e73be class=\"fa fa-signal\"><\/i><\/div>\r\n\t\t\t\t\t\t\t\t\t\t\t\t<div class=\"wpsm_number\" style=\"#f4e838\" >\r\n\t\t\t\t\t\t   <span class=\"counter\">100\t\t\t\t\t\t   <\/span>\r\n\t\t\t\t\t\t    \r\n\t\t\t\t\t    <\/div>\r\n\t\t\t\t\t\t<h3 class=\"wpsm_count-title\" #1e73be> Atteinte des objectifs de formation<\/h3>\r\n\t\t\t\t\t\t \r\n\t\t\t\t\t<\/div>\r\n\t\t\t\t<\/div>\r\n\t\t\t\t\t\t<\/div>\r\n\t\t\t<div class=\"wpsm_row\">\r\n\t\t\t\t\t\t\r\n\t\t\t<\/div>\t\t\t\t<\/div>\r\n\t\t<\/div>\r\n\t\t\r\n\t\t\t\t\t\t\t\t\t<\/div>\n\t\t\t\t<\/div>\n\t\t\t\t\t<\/div>\n\t\t<\/div>\n\t\t\t\t\t<\/div>\n\t\t<\/section>\n\t\t\t\t\t<\/div>\n\t\t<\/div>\n\t\t\t\t\t<\/div>\n\t\t<\/section>\n\t\t\t\t<\/div>\n\t\t","protected":false},"excerpt":{"rendered":"<p>ViAsso Occitanie rassemble tous les PAVA \u2013 Point d\u2019Appui \u00e0 la Vie Associative d\u2019Occitanie. Il a pour objectif de permettre le d\u00e9veloppement d\u2019une vie associative de qualit\u00e9 et de soutenir la p\u00e9rennisation des associations par un accompagnement et un suivi professionnel. \u00a0La FORMATION\u00a0 est le prolongement naturel de cette mission. Les actions de formations \u00e0 [&hellip;]<\/p>\n","protected":false},"author":1,"featured_media":0,"parent":0,"menu_order":0,"comment_status":"closed","ping_status":"closed","template":"elementor_header_footer","meta":{"footnotes":""},"yoast_head":"<!-- This site is optimized with the Yoast SEO plugin v22.5 - https:\/\/yoast.com\/wordpress\/plugins\/seo\/ -->\n<title>Accueil - VOF<\/title>\n<meta name=\"robots\" content=\"index, follow, max-snippet:-1, max-image-preview:large, max-video-preview:-1\" \/>\n<link rel=\"canonical\" href=\"https:\/\/viasso-occitanie-formation.org\/\" \/>\n<meta property=\"og:locale\" content=\"fr_FR\" \/>\n<meta property=\"og:type\" content=\"article\" \/>\n<meta property=\"og:title\" content=\"Accueil - VOF\" \/>\n<meta property=\"og:description\" content=\"ViAsso Occitanie rassemble tous les PAVA \u2013 Point d\u2019Appui \u00e0 la Vie Associative d\u2019Occitanie. Il a pour objectif de permettre le d\u00e9veloppement d\u2019une vie associative de qualit\u00e9 et de soutenir la p\u00e9rennisation des associations par un accompagnement et un suivi professionnel. \u00a0La FORMATION\u00a0 est le prolongement naturel de cette mission. Les actions de formations \u00e0 [&hellip;]\" \/>\n<meta property=\"og:url\" content=\"https:\/\/viasso-occitanie-formation.org\/\" \/>\n<meta property=\"og:site_name\" content=\"VOF\" \/>\n<meta property=\"article:modified_time\" content=\"2024-10-28T15:43:48+00:00\" \/>\n<meta name=\"twitter:card\" content=\"summary_large_image\" \/>\n<meta name=\"twitter:label1\" content=\"Dur\u00e9e de lecture estim\u00e9e\" \/>\n\t<meta name=\"twitter:data1\" content=\"2 minutes\" \/>\n<script type=\"application\/ld+json\" class=\"yoast-schema-graph\">{\"@context\":\"https:\/\/schema.org\",\"@graph\":[{\"@type\":\"WebPage\",\"@id\":\"https:\/\/viasso-occitanie-formation.org\/\",\"url\":\"https:\/\/viasso-occitanie-formation.org\/\",\"name\":\"Accueil - VOF\",\"isPartOf\":{\"@id\":\"https:\/\/viasso-occitanie-formation.org\/#website\"},\"datePublished\":\"2024-04-19T10:19:57+00:00\",\"dateModified\":\"2024-10-28T15:43:48+00:00\",\"breadcrumb\":{\"@id\":\"https:\/\/viasso-occitanie-formation.org\/#breadcrumb\"},\"inLanguage\":\"fr-FR\",\"potentialAction\":[{\"@type\":\"ReadAction\",\"target\":[\"https:\/\/viasso-occitanie-formation.org\/\"]}]},{\"@type\":\"BreadcrumbList\",\"@id\":\"https:\/\/viasso-occitanie-formation.org\/#breadcrumb\",\"itemListElement\":[{\"@type\":\"ListItem\",\"position\":1,\"name\":\"Accueil\",\"item\":\"https:\/\/viasso-occitanie-formation.org\/\"},{\"@type\":\"ListItem\",\"position\":2,\"name\":\"Accueil\"}]},{\"@type\":\"WebSite\",\"@id\":\"https:\/\/viasso-occitanie-formation.org\/#website\",\"url\":\"https:\/\/viasso-occitanie-formation.org\/\",\"name\":\"VOF\",\"description\":\"\",\"publisher\":{\"@id\":\"https:\/\/viasso-occitanie-formation.org\/#organization\"},\"potentialAction\":[{\"@type\":\"SearchAction\",\"target\":{\"@type\":\"EntryPoint\",\"urlTemplate\":\"https:\/\/viasso-occitanie-formation.org\/?s={search_term_string}\"},\"query-input\":\"required name=search_term_string\"}],\"inLanguage\":\"fr-FR\"},{\"@type\":\"Organization\",\"@id\":\"https:\/\/viasso-occitanie-formation.org\/#organization\",\"name\":\"VOF\",\"url\":\"https:\/\/viasso-occitanie-formation.org\/\",\"logo\":{\"@type\":\"ImageObject\",\"inLanguage\":\"fr-FR\",\"@id\":\"https:\/\/viasso-occitanie-formation.org\/#\/schema\/logo\/image\/\",\"url\":\"https:\/\/viasso-occitanie-formation.org\/wp-content\/uploads\/2021\/08\/cropped-Logo-VOF-site-internet.png\",\"contentUrl\":\"https:\/\/viasso-occitanie-formation.org\/wp-content\/uploads\/2021\/08\/cropped-Logo-VOF-site-internet.png\",\"width\":75,\"height\":66,\"caption\":\"VOF\"},\"image\":{\"@id\":\"https:\/\/viasso-occitanie-formation.org\/#\/schema\/logo\/image\/\"}}]}<\/script>\n<!-- \/ Yoast SEO plugin. -->","yoast_head_json":{"title":"Accueil - VOF","robots":{"index":"index","follow":"follow","max-snippet":"max-snippet:-1","max-image-preview":"max-image-preview:large","max-video-preview":"max-video-preview:-1"},"canonical":"https:\/\/viasso-occitanie-formation.org\/","og_locale":"fr_FR","og_type":"article","og_title":"Accueil - VOF","og_description":"ViAsso Occitanie rassemble tous les PAVA \u2013 Point d\u2019Appui \u00e0 la Vie Associative d\u2019Occitanie. Il a pour objectif de permettre le d\u00e9veloppement d\u2019une vie associative de qualit\u00e9 et de soutenir la p\u00e9rennisation des associations par un accompagnement et un suivi professionnel. \u00a0La FORMATION\u00a0 est le prolongement naturel de cette mission. Les actions de formations \u00e0 [&hellip;]","og_url":"https:\/\/viasso-occitanie-formation.org\/","og_site_name":"VOF","article_modified_time":"2024-10-28T15:43:48+00:00","twitter_card":"summary_large_image","twitter_misc":{"Dur\u00e9e de lecture estim\u00e9e":"2 minutes"},"schema":{"@context":"https:\/\/schema.org","@graph":[{"@type":"WebPage","@id":"https:\/\/viasso-occitanie-formation.org\/","url":"https:\/\/viasso-occitanie-formation.org\/","name":"Accueil - VOF","isPartOf":{"@id":"https:\/\/viasso-occitanie-formation.org\/#website"},"datePublished":"2024-04-19T10:19:57+00:00","dateModified":"2024-10-28T15:43:48+00:00","breadcrumb":{"@id":"https:\/\/viasso-occitanie-formation.org\/#breadcrumb"},"inLanguage":"fr-FR","potentialAction":[{"@type":"ReadAction","target":["https:\/\/viasso-occitanie-formation.org\/"]}]},{"@type":"BreadcrumbList","@id":"https:\/\/viasso-occitanie-formation.org\/#breadcrumb","itemListElement":[{"@type":"ListItem","position":1,"name":"Accueil","item":"https:\/\/viasso-occitanie-formation.org\/"},{"@type":"ListItem","position":2,"name":"Accueil"}]},{"@type":"WebSite","@id":"https:\/\/viasso-occitanie-formation.org\/#website","url":"https:\/\/viasso-occitanie-formation.org\/","name":"VOF","description":"","publisher":{"@id":"https:\/\/viasso-occitanie-formation.org\/#organization"},"potentialAction":[{"@type":"SearchAction","target":{"@type":"EntryPoint","urlTemplate":"https:\/\/viasso-occitanie-formation.org\/?s={search_term_string}"},"query-input":"required name=search_term_string"}],"inLanguage":"fr-FR"},{"@type":"Organization","@id":"https:\/\/viasso-occitanie-formation.org\/#organization","name":"VOF","url":"https:\/\/viasso-occitanie-formation.org\/","logo":{"@type":"ImageObject","inLanguage":"fr-FR","@id":"https:\/\/viasso-occitanie-formation.org\/#\/schema\/logo\/image\/","url":"https:\/\/viasso-occitanie-formation.org\/wp-content\/uploads\/2021\/08\/cropped-Logo-VOF-site-internet.png","contentUrl":"https:\/\/viasso-occitanie-formation.org\/wp-content\/uploads\/2021\/08\/cropped-Logo-VOF-site-internet.png","width":75,"height":66,"caption":"VOF"},"image":{"@id":"https:\/\/viasso-occitanie-formation.org\/#\/schema\/logo\/image\/"}}]}},"_links":{"self":[{"href":"https:\/\/viasso-occitanie-formation.org\/index.php\/wp-json\/wp\/v2\/pages\/754"}],"collection":[{"href":"https:\/\/viasso-occitanie-formation.org\/index.php\/wp-json\/wp\/v2\/pages"}],"about":[{"href":"https:\/\/viasso-occitanie-formation.org\/index.php\/wp-json\/wp\/v2\/types\/page"}],"author":[{"embeddable":true,"href":"https:\/\/viasso-occitanie-formation.org\/index.php\/wp-json\/wp\/v2\/users\/1"}],"replies":[{"embeddable":true,"href":"https:\/\/viasso-occitanie-formation.org\/index.php\/wp-json\/wp\/v2\/comments?post=754"}],"version-history":[{"count":19,"href":"https:\/\/viasso-occitanie-formation.org\/index.php\/wp-json\/wp\/v2\/pages\/754\/revisions"}],"predecessor-version":[{"id":787,"href":"https:\/\/viasso-occitanie-formation.org\/index.php\/wp-json\/wp\/v2\/pages\/754\/revisions\/787"}],"wp:attachment":[{"href":"https:\/\/viasso-occitanie-formation.org\/index.php\/wp-json\/wp\/v2\/media?parent=754"}],"curies":[{"name":"wp","href":"https:\/\/api.w.org\/{rel}","templated":true}]}}